{"id":16,"date":"2020-08-03T17:46:22","date_gmt":"2020-08-03T15:46:22","guid":{"rendered":"http:\/\/hippologe.de\/?page_id=16"},"modified":"2023-12-31T15:32:45","modified_gmt":"2023-12-31T14:32:45","slug":"kontakt-2","status":"publish","type":"page","link":"https:\/\/hippologe.de\/?page_id=16","title":{"rendered":"Kontakt"},"content":{"rendered":"\n<figure class=\"wp-block-image size-large\"><img loading=\"lazy\" decoding=\"async\" width=\"1024\" height=\"768\" src=\"https:\/\/hippologe.de\/wp-content\/uploads\/2020\/08\/IMG_0406-1024x768.jpg\" alt=\"\" class=\"wp-image-80\" srcset=\"https:\/\/hippologe.de\/wp-content\/uploads\/2020\/08\/IMG_0406-1024x768.jpg 1024w, https:\/\/hippologe.de\/wp-content\/uploads\/2020\/08\/IMG_0406-300x225.jpg 300w, https:\/\/hippologe.de\/wp-content\/uploads\/2020\/08\/IMG_0406-768x576.jpg 768w, https:\/\/hippologe.de\/wp-content\/uploads\/2020\/08\/IMG_0406-1536x1152.jpg 1536w, https:\/\/hippologe.de\/wp-content\/uploads\/2020\/08\/IMG_0406-2048x1536.jpg 2048w\" sizes=\"auto, (max-width: 706px) 89vw, (max-width: 767px) 82vw, 740px\" \/><\/figure>\n\n\n\n<p class=\"has-large-font-size\">Dietbert Arnold<\/p>\n\n\n\n<p>\u00f6ffentlich bestellter und vereidigter Sachverst\u00e4ndiger f\u00fcr Pferdezucht und -haltung von der Handelskammer Bremen und Bremerhaven, i.R.<\/p>\n\n\n\n<p>Lerchenstr. 82<\/p>\n\n\n\n<p>28755 Bremen<\/p>\n\n\n\n<p>T +49 (0)421.655980<\/p>\n\n\n\n<p>F +49 (0)421.655988<\/p>\n\n\n\n<p>M +49 (0)171.6400359<\/p>\n\n\n\n<p><a href=\"https:\/\/www.hippologe.de\">www.hippologe.de<\/a><\/p>\n\n\n\n<p>dietbert.arnold(\u00e4t)hippologe.de<\/p>\n","protected":false},"excerpt":{"rendered":"<p>Dietbert Arnold \u00f6ffentlich bestellter und vereidigter Sachverst\u00e4ndiger f\u00fcr Pferdezucht und -haltung von der Handelskammer Bremen und Bremerhaven, i.R. Lerchenstr. 82 28755 Bremen T +49 (0)421.655980 F +49 (0)421.655988 M +49 (0)171.6400359 www.hippologe.de dietbert.arnold(\u00e4t)hippologe.de<\/p>\n","protected":false},"author":1,"featured_media":0,"parent":0,"menu_order":0,"comment_status":"closed","ping_status":"closed","template":"","meta":{"footnotes":""},"class_list":["post-16","page","type-page","status-publish","hentry"],"_links":{"self":[{"href":"https:\/\/hippologe.de\/index.php?rest_route=\/wp\/v2\/pages\/16","targetHints":{"allow":["GET"]}}],"collection":[{"href":"https:\/\/hippologe.de\/index.php?rest_route=\/wp\/v2\/pages"}],"about":[{"href":"https:\/\/hippologe.de\/index.php?rest_route=\/wp\/v2\/types\/page"}],"author":[{"embeddable":true,"href":"https:\/\/hippologe.de\/index.php?rest_route=\/wp\/v2\/users\/1"}],"replies":[{"embeddable":true,"href":"https:\/\/hippologe.de\/index.php?rest_route=%2Fwp%2Fv2%2Fcomments&post=16"}],"version-history":[{"count":6,"href":"https:\/\/hippologe.de\/index.php?rest_route=\/wp\/v2\/pages\/16\/revisions"}],"predecessor-version":[{"id":216,"href":"https:\/\/hippologe.de\/index.php?rest_route=\/wp\/v2\/pages\/16\/revisions\/216"}],"wp:attachment":[{"href":"https:\/\/hippologe.de\/index.php?rest_route=%2Fwp%2Fv2%2Fmedia&parent=16"}],"curies":[{"name":"wp","href":"https:\/\/api.w.org\/{rel}","templated":true}]}}