{"id":15,"date":"2020-08-03T17:46:22","date_gmt":"2020-08-03T15:46:22","guid":{"rendered":"http:\/\/hippologe.de\/?page_id=15"},"modified":"2021-01-07T13:01:07","modified_gmt":"2021-01-07T12:01:07","slug":"kompetenz","status":"publish","type":"page","link":"https:\/\/hippologe.de\/?page_id=15","title":{"rendered":"Kompetenz"},"content":{"rendered":"\n<figure class=\"wp-block-image size-large is-resized\"><img loading=\"lazy\" decoding=\"async\" src=\"https:\/\/hippologe.de\/wp-content\/uploads\/2020\/08\/Historisches-Pferdebild-1.jpg\" alt=\"\" class=\"wp-image-161\" width=\"508\" height=\"372\" srcset=\"https:\/\/hippologe.de\/wp-content\/uploads\/2020\/08\/Historisches-Pferdebild-1.jpg 771w, https:\/\/hippologe.de\/wp-content\/uploads\/2020\/08\/Historisches-Pferdebild-1-300x219.jpg 300w, https:\/\/hippologe.de\/wp-content\/uploads\/2020\/08\/Historisches-Pferdebild-1-768x562.jpg 768w\" sizes=\"auto, (max-width: 508px) 100vw, 508px\" \/><\/figure>\n\n\n\n<ul class=\"wp-block-list\"><li>2. Staatsexamen f\u00fcr das Lehramt Land- und Gartenbauwissenschaft mit dem Schwerpunkt Pferdeberufe<\/li><li>Klassenlehrer der Landesfachklassen f\u00fcr Pferdewirte im Bundesland Bremen i.R.<\/li><li>Weiterbildungen bei der Landwirtschaftskammer Hannover, Rennbahn K\u00f6ln, Verband Hannoverscher Warmblutz\u00fcchter, Deutsche Reitschule, NRW- Landgest\u00fct, Landgest\u00fct Celle, Vollblutgest\u00fct Pliesm\u00fchle, Bundesvereinigung der Berufsreiter, Sachverst\u00e4ndigenkuratorium (SVK), &#8230;<\/li><li>Langj\u00e4hrige, \u00fcberregionale Pr\u00fcfert\u00e4tigkeit im Beruf Pferdewirt (Schwerpunkt Zucht &amp;\u00a0 Haltung, Reiten, Rennreiten) mit entsprechend intensiven, bundesweiten Kontakten und Erfahrungen<\/li><li>Ma\u00dfgebliche Mitwirkung bei der Erstellung von Pr\u00fcfungsaufgaben<\/li><li>Dozent im hippologischen Bereich sowie der Sachverst\u00e4ndigenorganisation\u00a0<\/li><li>Aufbau eines europ\u00e4ischen Bildungsnetzwerkes in der Pferdewirtschaft mit Partnern in \u00d6sterreich, Tschechien, Slowakei, Irland, Wales, Island, Schweden, Niederlanden, Frankreich, Finnland und Norwegen.<\/li><li>Detailkenntnisse in der europ\u00e4ischen Pferdezucht, weitreichende Kontakte in viele europ\u00e4ische L\u00e4nder<\/li><li>Fachexpertise in der Berufsbildungspolitik<\/li><li>Langj\u00e4hrige Erfahrung in allen Bereichen der Sachverst\u00e4ndigenarbeit\u00a0<\/li><li>Erfahrungen mit Spezialrassen<\/li><li>Spezialkenntnisse in der Pferdef\u00fctterung, Stallklima, tiergerechter Stallbau, Weidewirtschaft, Tierschutz, Unfallschutz, Unfalldokumentation und -recherche, &#8230;<\/li><li>Fachbuch- und Fachsoftwareautor mit eigenem Fotoarchiv<\/li><li>intensive, regelm\u00e4\u00dfig nachgewiesene Fort- und Weiterbildung<\/li><li>Fachexperise \u00fcber die Folgen des Klimawandels f\u00fcr das Pferdegr\u00fcnland sowie M\u00f6glichkeiten der Adaption<\/li><li>Betreiber des Internetblogs \u201ePferdegr\u00fcnland im Klimawandel\u201c (<a href=\"http:\/\/www.pferdegruenland.de\">www.pferdegruenland.de<\/a>) mit Informationen zum Klimawandel, Strategien zur Adaption sowie die dazu  notwendigen Basics.<br><\/li><\/ul>\n","protected":false},"excerpt":{"rendered":"<p>2. Staatsexamen f\u00fcr das Lehramt Land- und Gartenbauwissenschaft mit dem Schwerpunkt Pferdeberufe Klassenlehrer der Landesfachklassen f\u00fcr Pferdewirte im Bundesland Bremen i.R. Weiterbildungen bei der Landwirtschaftskammer Hannover, Rennbahn K\u00f6ln, Verband Hannoverscher Warmblutz\u00fcchter, Deutsche Reitschule, NRW- Landgest\u00fct, Landgest\u00fct Celle, Vollblutgest\u00fct Pliesm\u00fchle, Bundesvereinigung der Berufsreiter, Sachverst\u00e4ndigenkuratorium (SVK), &#8230; Langj\u00e4hrige, \u00fcberregionale Pr\u00fcfert\u00e4tigkeit im Beruf Pferdewirt (Schwerpunkt Zucht &amp;\u00a0 Haltung, &hellip; <\/p>\n<p class=\"link-more\"><a href=\"https:\/\/hippologe.de\/?page_id=15\" class=\"more-link\"><span class=\"screen-reader-text\">\u201eKompetenz\u201c <\/span>weiterlesen<\/a><\/p>\n","protected":false},"author":1,"featured_media":0,"parent":0,"menu_order":0,"comment_status":"closed","ping_status":"closed","template":"","meta":{"footnotes":""},"class_list":["post-15","page","type-page","status-publish","hentry"],"_links":{"self":[{"href":"https:\/\/hippologe.de\/index.php?rest_route=\/wp\/v2\/pages\/15","targetHints":{"allow":["GET"]}}],"collection":[{"href":"https:\/\/hippologe.de\/index.php?rest_route=\/wp\/v2\/pages"}],"about":[{"href":"https:\/\/hippologe.de\/index.php?rest_route=\/wp\/v2\/types\/page"}],"author":[{"embeddable":true,"href":"https:\/\/hippologe.de\/index.php?rest_route=\/wp\/v2\/users\/1"}],"replies":[{"embeddable":true,"href":"https:\/\/hippologe.de\/index.php?rest_route=%2Fwp%2Fv2%2Fcomments&post=15"}],"version-history":[{"count":8,"href":"https:\/\/hippologe.de\/index.php?rest_route=\/wp\/v2\/pages\/15\/revisions"}],"predecessor-version":[{"id":210,"href":"https:\/\/hippologe.de\/index.php?rest_route=\/wp\/v2\/pages\/15\/revisions\/210"}],"wp:attachment":[{"href":"https:\/\/hippologe.de\/index.php?rest_route=%2Fwp%2Fv2%2Fmedia&parent=15"}],"curies":[{"name":"wp","href":"https:\/\/api.w.org\/{rel}","templated":true}]}}